{"id":283,"date":"2023-12-05T11:25:54","date_gmt":"2023-12-05T11:25:54","guid":{"rendered":"https:\/\/mubemuhendislik.com\/?page_id=283"},"modified":"2023-12-05T11:28:33","modified_gmt":"2023-12-05T11:28:33","slug":"referanslar","status":"publish","type":"page","link":"https:\/\/mubemuhendislik.com\/index.php\/referanslar\/","title":{"rendered":"Referanslar"},"content":{"rendered":"<p>[vc_row][vc_column][vc_column_text css_animation=&#8221;fadeInDown&#8221;]<strong>REFERANSLAR<br \/>\n<\/strong><br \/>\n-KOCAELI ENTEGRE SAGLIK KAMP\u00dcS\u00dc ANA HASTANE BINASI<br \/>\n-ISTANBUL HAVALIMANI DO&amp;CO CATERING BINASI<br \/>\n-GALATAPORT LIMAN, ALISVERIS MERKEZI, PENINSULA OTEL<br \/>\n-ZORLU CENTER ALISVERIS MERKEZI, REZIDANS KULELERI, OFISLER, RAFFLES OTEL,<br \/>\nPSM PERFORMANS SANATLARI MERKEZI<br \/>\n-LEVENT 199 ZORLU HOLDING BINASI PROJESI<br \/>\n-JFK ANADOLU SAGLIK MERKEZI HASTA YAKINLARI KONAKLAMA BINASI<br \/>\n-BAK\u00dc FLAME TOWER ALISVERIS MERKEZI, REZIDANS-OFIS-OTEL KULELERI<br \/>\n-BUYAKA ALISVERIS MERKEZI, REZIDANS-OFIS-OTEL KULELERI<br \/>\n-PALLADIUM ALISVERIS MERKEZI VE REZIDANS KULE<br \/>\n-RUSYA SAMARA ALISVERIS MERKEZI<br \/>\n-EFES KONGRE MERKEZI VE SPA<br \/>\n-BILGI \u00dcNIVERSITESI KAMP\u00dcS\u00dc VE SOSYAL TESISLERI<br \/>\n-SANTRALISTANBUL \u00c7AGDAS SANATLAR M\u00dcZESI<br \/>\n-POLAT INSAAT A.S. CADDEBOSTAN EVLERI<br \/>\n-GENCE HAVALIMANI<br \/>\n-NAH\u00c7IVAN HAVALIMANI<br \/>\n-ATAT\u00dcRK HAVALIMANI DIS HATLAR TERMINALI<br \/>\n-GARANTI BANKASI EGITIM M\u00dcD\u00dcRL\u00dcG\u00dc<br \/>\n-RUSKY KAPITAL \u00c7ARSI BINASI<br \/>\n-THUMEN OTEL RUSYA<br \/>\n-RESITPASA MARINCITY VILLALARI<br \/>\n-TAHINCIOGLU AILESI VILLASI<\/p>\n<p>&nbsp;[\/vc_column_text][\/vc_column][\/vc_row]<\/p>\n","protected":false},"excerpt":{"rendered":"<p>[vc_row][vc_column][vc_column_text css_animation=&#8221;fadeInDown&#8221;]REFERANSLAR -KOCAELI ENTEGRE SAGLIK KAMP\u00dcS\u00dc ANA HASTANE BINASI -ISTANBUL HAVALIMANI DO&amp;CO CATERING BINASI -GALATAPORT LIMAN, ALISVERIS MERKEZI, PENINSULA OTEL -ZORLU CENTER ALISVERIS MERKEZI, REZIDANS KULELERI, OFISLER, RAFFLES OTEL, PSM PERFORMANS SANATLARI MERKEZI -LEVENT 199 ZORLU HOLDING BINASI PROJESI -JFK ANADOLU SAGLIK MERKEZI HASTA YAKINLARI KONAKLAMA BINASI -BAK\u00dc FLAME TOWER ALISVERIS MERKEZI, REZIDANS-OFIS-OTEL KULELERI -BUYAKA [&hellip;]<\/p>\n","protected":false},"author":1,"featured_media":0,"parent":0,"menu_order":0,"comment_status":"closed","ping_status":"closed","template":"","meta":{"footnotes":""},"class_list":["post-283","page","type-page","status-publish","hentry"],"_links":{"self":[{"href":"https:\/\/mubemuhendislik.com\/index.php\/wp-json\/wp\/v2\/pages\/283","targetHints":{"allow":["GET"]}}],"collection":[{"href":"https:\/\/mubemuhendislik.com\/index.php\/wp-json\/wp\/v2\/pages"}],"about":[{"href":"https:\/\/mubemuhendislik.com\/index.php\/wp-json\/wp\/v2\/types\/page"}],"author":[{"embeddable":true,"href":"https:\/\/mubemuhendislik.com\/index.php\/wp-json\/wp\/v2\/users\/1"}],"replies":[{"embeddable":true,"href":"https:\/\/mubemuhendislik.com\/index.php\/wp-json\/wp\/v2\/comments?post=283"}],"version-history":[{"count":2,"href":"https:\/\/mubemuhendislik.com\/index.php\/wp-json\/wp\/v2\/pages\/283\/revisions"}],"predecessor-version":[{"id":285,"href":"https:\/\/mubemuhendislik.com\/index.php\/wp-json\/wp\/v2\/pages\/283\/revisions\/285"}],"wp:attachment":[{"href":"https:\/\/mubemuhendislik.com\/index.php\/wp-json\/wp\/v2\/media?parent=283"}],"curies":[{"name":"wp","href":"https:\/\/api.w.org\/{rel}","templated":true}]}}